{"id":4022,"date":"2024-03-28T10:49:53","date_gmt":"2024-03-28T09:49:53","guid":{"rendered":"https:\/\/www.ralentirtravaux.com\/le_blog\/?page_id=4022"},"modified":"2024-05-18T08:25:20","modified_gmt":"2024-05-18T07:25:20","slug":"edu","status":"publish","type":"page","link":"https:\/\/www.ralentirtravaux.com\/le_blog\/edu\/","title":{"rendered":"Tutoriels"},"content":{"rendered":"<h1>Tech<\/h1>\n<h2>Markdown<\/h2>\n<ul>\n<li><a href=\"https:\/\/www.ralentirtravaux.com\/le_blog\/pourquoi-ecrire-en-markdown\/\">Pourquoi \u00e9crire en Markdown<\/a><\/li>\n<li><a href=\"https:\/\/www.ralentirtravaux.com\/le_blog\/apprendre-le-markdown\/\">Apprendre le Markdown<\/a><\/li>\n<li><a href=\"https:\/\/www.ralentirtravaux.com\/le_blog\/le-guide-du-markdown\/\">Le guide du Markdown<\/a><\/li>\n<li><a href=\"https:\/\/www.ralentirtravaux.com\/le_blog\/markdown-et-automatisation\/\">Markdown et automatisation<\/a><\/li>\n<li><a href=\"https:\/\/www.ralentirtravaux.com\/le_blog\/rfc-7764-guidance-on-markdown\/\">RFC 7764 Guidance on Markdown<\/a><\/li>\n<li><a href=\"https:\/\/www.ralentirtravaux.com\/le_blog\/liens\/\">Liens<\/a><\/li>\n<\/ul>\n<h2>Epub &#038; Audiobooks<\/h2>\n<ul>\n<li><a href=\"https:\/\/www.ralentirtravaux.com\/le_blog\/create-an-epub-with-pages\/\">Create an ePub with Pages<\/a><\/li>\n<li><a href=\"https:\/\/www.ralentirtravaux.com\/le_blog\/what-is-an-epub-file-and-why-you-are-going-to-love-it\/\">What is an ePub file and why you are going to love it<\/a><\/li>\n<li><a href=\"https:\/\/www.ralentirtravaux.com\/le_blog\/creer-un-epub-avec-google-docs\/\">Cr\u00e9er un ePub avec Google Docs<\/a><\/li>\n<li><a href=\"https:\/\/www.ralentirtravaux.com\/le_blog\/creer-une-couverture-avec-canva\/\">Cr\u00e9er une couverture avec Canva<\/a><\/li>\n<li><a href=\"https:\/\/www.ralentirtravaux.com\/le_blog\/creer-un-livre-avec-book-creator\/\">Cr\u00e9er un livre avec Book Creator<\/a><\/li>\n<li><a href=\"https:\/\/www.ralentirtravaux.com\/le_blog\/create-an-audiobook-with-garageband-1\/\">Create an Audiobook With GarageBand 1<\/a><\/li>\n<li><a href=\"https:\/\/www.ralentirtravaux.com\/le_blog\/create-an-audiobook-with-garageband-2\/\">Create an Audiobook With GarageBand 2<\/a><\/li>\n<li><a href=\"https:\/\/www.ralentirtravaux.com\/le_blog\/audiobooks-livres-numeriques\/\">Audiobooks &#038; Livres num\u00e9riques<\/a><\/li>\n<\/ul>\n<h1>\u00c9ducation<\/h1>\n<h2>Intelligence artificielle<\/h2>\n<ul>\n<li><a href=\"https:\/\/www.ralentirtravaux.com\/le_blog\/15-exemples-concrets-dutilisation-en-classe-de-lia\/\">15 exemples concrets d\u2019utilisation en classe de l\u2019IA<\/a><\/li>\n<li><a href=\"https:\/\/www.ralentirtravaux.com\/le_blog\/ia-dictee\/\">IA &#038; Dict\u00e9e<\/a><\/li>\n<li><a href=\"https:\/\/www.ralentirtravaux.com\/le_blog\/ia-differenciation\/\">IA &#038; Diff\u00e9renciation<\/a><\/li>\n<li><a href=\"https:\/\/www.ralentirtravaux.com\/le_blog\/ia-ecriture\/\">IA &#038; \u00c9criture<\/a><\/li>\n<li><a href=\"https:\/\/www.ralentirtravaux.com\/le_blog\/ia-geographie\/\">IA &#038; G\u00e9ographie<\/a><\/li>\n<li><a href=\"https:\/\/www.ralentirtravaux.com\/le_blog\/ia-quiz\/\">IA &#038; Quiz<\/a><\/li>\n<li><a href=\"https:\/\/www.ralentirtravaux.com\/le_blog\/ia-tutorat\/\">IA &#038; Tutorat<\/a><\/li>\n<li><a href=\"https:\/\/www.ralentirtravaux.com\/le_blog\/10-scenarios-pedagogiques-avec-lia\/\">10 sc\u00e9narios p\u00e9dagogiques avec l\u2019IA<\/a><\/li>\n<li><a href=\"https:\/\/www.ralentirtravaux.com\/le_blog\/ia-differenciation-2\/\">IA &#038; Diff\u00e9renciation (nouvelle formation du 13\/05\/2024)<\/a><\/li>\n<\/ul>\n<h2>Google<\/h2>\n<ul>\n<li><a href=\"https:\/\/www.ralentirtravaux.com\/le_blog\/2022\/12\/\">Google Sheets, 3 formations pour les enseignants<\/a><\/li>\n<li><a href=\"https:\/\/www.ralentirtravaux.com\/le_blog\/2019\/03\/\">Comment diff\u00e9rencier l\u2019enseignement \u00e0 partir d\u2019un simple spreadsheet ?<\/a><\/li>\n<\/ul>\n<h2>Autre<\/h2>\n<ul>\n<li><a href=\"https:\/\/www.ralentirtravaux.com\/le_blog\/2020\/11\/\">D\u00e9couvrez la puissance des applications de tableau blanc pour faire vos cours en pr\u00e9sentiel, en distanciel ou en hybride<\/a><\/li>\n<li><a href=\"https:\/\/www.ralentirtravaux.com\/le_blog\/comment-evaluer-en-ligne\/\">Comment \u00e9valuer en ligne ?<\/a><\/li>\n<li><a href=\"https:\/\/www.ralentirtravaux.com\/le_blog\/differencier-lenseignement-deux-exemples\/\">Diff\u00e9rencier l\u2019enseignement : deux exemples<\/a><\/li>\n<li><a href=\"https:\/\/www.ralentirtravaux.com\/le_blog\/cette-annee-la-dictee-en-cache-trois\/\">Cette ann\u00e9e, la dict\u00e9e en cache trois\u00a0!<\/a><\/li>\n<li><a href=\"https:\/\/www.ralentirtravaux.com\/le_blog\/corriger-des-copies-numeriques\/\">Corriger des copies num\u00e9riques<\/a><\/li>\n<li><a href=\"https:\/\/www.ralentirtravaux.com\/le_blog\/une-ecriture-collaborative-de-bout-en-bout\/\">Une \u00e9criture collaborative de bout en bout<\/a><\/li>\n<li><a href=\"https:\/\/www.ralentirtravaux.com\/le_blog\/une-correction-des-redactions-inspiree-par-ken-robinson\/\">Une correction des r\u00e9dactions inspir\u00e9e par Ken Robinson<\/a><\/li>\n<\/ul>\n<p><!-- \n\n<li><a href=\"\"><\/a><\/li>\n\n --><\/p>\n","protected":false},"excerpt":{"rendered":"<p>Tech Markdown Pourquoi \u00e9crire en Markdown Apprendre le Markdown Le guide du Markdown Markdown et automatisation RFC 7764 Guidance on Markdown Liens Epub &#038; Audiobooks Create an ePub with Pages What is an ePub file and why you are going to love it Cr\u00e9er un ePub avec Google Docs Cr\u00e9er une couverture avec Canva Cr\u00e9er [&hellip;]<\/p>\n","protected":false},"author":2,"featured_media":0,"parent":0,"menu_order":0,"comment_status":"closed","ping_status":"closed","template":"","meta":{"footnotes":""},"class_list":["post-4022","page","type-page","status-publish","hentry"],"_links":{"self":[{"href":"https:\/\/www.ralentirtravaux.com\/le_blog\/wp-json\/wp\/v2\/pages\/4022","targetHints":{"allow":["GET"]}}],"collection":[{"href":"https:\/\/www.ralentirtravaux.com\/le_blog\/wp-json\/wp\/v2\/pages"}],"about":[{"href":"https:\/\/www.ralentirtravaux.com\/le_blog\/wp-json\/wp\/v2\/types\/page"}],"author":[{"embeddable":true,"href":"https:\/\/www.ralentirtravaux.com\/le_blog\/wp-json\/wp\/v2\/users\/2"}],"replies":[{"embeddable":true,"href":"https:\/\/www.ralentirtravaux.com\/le_blog\/wp-json\/wp\/v2\/comments?post=4022"}],"version-history":[{"count":19,"href":"https:\/\/www.ralentirtravaux.com\/le_blog\/wp-json\/wp\/v2\/pages\/4022\/revisions"}],"predecessor-version":[{"id":5027,"href":"https:\/\/www.ralentirtravaux.com\/le_blog\/wp-json\/wp\/v2\/pages\/4022\/revisions\/5027"}],"wp:attachment":[{"href":"https:\/\/www.ralentirtravaux.com\/le_blog\/wp-json\/wp\/v2\/media?parent=4022"}],"curies":[{"name":"wp","href":"https:\/\/api.w.org\/{rel}","templated":true}]}}